{"id":13925,"date":"2023-09-26T01:27:40","date_gmt":"2023-09-25T23:27:40","guid":{"rendered":"https:\/\/edelhoff-pressen.eu\/tool\/?post_type=product&#038;p=13925"},"modified":"2023-09-26T01:39:47","modified_gmt":"2023-09-25T23:39:47","slug":"exzenterpresse-typ-azr-h-3-160-to","status":"publish","type":"product","link":"https:\/\/edelhoff-pressen.eu\/tool\/produkt\/exzenterpresse-typ-azr-h-3-160-to\/","title":{"rendered":"Exzenterpresse Typ: AZR \/ H 3 \/ 160 to"},"content":{"rendered":"","protected":false},"excerpt":{"rendered":"<p><strong>Type: AZR\/H 3\/160<\/strong><br \/>\n&#8211; Kupplungsart: hydr. Kupplung, Gr. 80<br \/>\n&#8211; Ausladung: 400 mm<br \/>\n&#8211; Entfernung Tisch St\u00f6\u00dfel: 550 mm<br \/>\n&#8211; St\u00f6\u00dfelbohrung: 65 \u00d8 H7<br \/>\n&#8211; Tisch-Durchfall\u00f6ffnung: 200 \u00d8 mm<br \/>\n&#8211; Tischfl\u00e4che Breite x Tiefe: 1200 x 800 mm<br \/>\n&#8211; St\u00f6\u00dfelfl\u00e4che Breite x Tiefe: 1200 x 500 mm<br \/>\n&#8211; Motorantrieb: Drehstrommotor; 18,5KW<br \/>\n&#8211; Pre\u00dfkraft: 1600 KN<br \/>\n&#8211; Hubverstellung: 20 \u2013 140 mm<br \/>\n&#8211; St\u00f6\u00dfelverstellung: 100 mm<br \/>\n&#8211; St\u00f6\u00dfelh\u00fcbe: 55 p. Min.<br \/>\n&#8211; Elektr. Anlage: 380 Volt<\/p>\n","protected":false},"featured_media":13927,"template":"","meta":[],"product_brand":[],"product_cat":[52,51],"product_tag":[58,55,53,66,88,49],"class_list":{"0":"post-13925","1":"product","2":"type-product","3":"status-publish","4":"has-post-thumbnail","6":"product_cat-einstaender","7":"product_cat-gebraucht-maschienen","8":"product_tag-160-to","9":"product_tag-einstaender","10":"product_tag-exzenterpresse","11":"product_tag-gebraucht","12":"product_tag-generalueberholung","13":"product_tag-stanzautomat","15":"first","16":"instock","17":"shipping-taxable","18":"product-type-simple"},"_links":{"self":[{"href":"https:\/\/edelhoff-pressen.eu\/tool\/wp-json\/wp\/v2\/product\/13925","targetHints":{"allow":["GET"]}}],"collection":[{"href":"https:\/\/edelhoff-pressen.eu\/tool\/wp-json\/wp\/v2\/product"}],"about":[{"href":"https:\/\/edelhoff-pressen.eu\/tool\/wp-json\/wp\/v2\/types\/product"}],"wp:featuredmedia":[{"embeddable":true,"href":"https:\/\/edelhoff-pressen.eu\/tool\/wp-json\/wp\/v2\/media\/13927"}],"wp:attachment":[{"href":"https:\/\/edelhoff-pressen.eu\/tool\/wp-json\/wp\/v2\/media?parent=13925"}],"wp:term":[{"taxonomy":"product_brand","embeddable":true,"href":"https:\/\/edelhoff-pressen.eu\/tool\/wp-json\/wp\/v2\/product_brand?post=13925"},{"taxonomy":"product_cat","embeddable":true,"href":"https:\/\/edelhoff-pressen.eu\/tool\/wp-json\/wp\/v2\/product_cat?post=13925"},{"taxonomy":"product_tag","embeddable":true,"href":"https:\/\/edelhoff-pressen.eu\/tool\/wp-json\/wp\/v2\/product_tag?post=13925"}],"curies":[{"name":"wp","href":"https:\/\/api.w.org\/{rel}","templated":true}]}}