{"id":13822,"date":"2020-12-21T20:43:20","date_gmt":"2020-12-21T19:43:20","guid":{"rendered":"https:\/\/edelhoff-pressen.eu\/tool\/?post_type=product&#038;p=13822"},"modified":"2020-12-23T17:50:22","modified_gmt":"2020-12-23T16:50:22","slug":"schnelllaeufer-stanzautomat-linde-modell-ca50","status":"publish","type":"product","link":"https:\/\/edelhoff-pressen.eu\/tool\/produkt\/schnelllaeufer-stanzautomat-linde-modell-ca50\/","title":{"rendered":"Schnelll\u00e4ufer, Stanzautomat \u2013 Linde. Modell: CA 50"},"content":{"rendered":"<div style=\"width: 1170px;\" class=\"wp-video\"><video class=\"wp-video-shortcode\" id=\"video-13822-1\" width=\"1170\" height=\"658\" preload=\"metadata\" controls=\"controls\"><source type=\"video\/mp4\" src=\"https:\/\/edelhoff-pressen.eu\/tool\/wp-content\/uploads\/2020\/12\/Stanzautomat_Linde_Modell_CA50_01.mp4?_=1\" \/><a href=\"https:\/\/edelhoff-pressen.eu\/tool\/wp-content\/uploads\/2020\/12\/Stanzautomat_Linde_Modell_CA50_01.mp4\">https:\/\/edelhoff-pressen.eu\/tool\/wp-content\/uploads\/2020\/12\/Stanzautomat_Linde_Modell_CA50_01.mp4<\/a><\/video><\/div>\n","protected":false},"excerpt":{"rendered":"<p><strong>Schnelll\u00e4ufer, Stanzautomat \u2013 Linde. Modell: CA 50<\/strong><\/p>\n<p>General\u00fcberholte Stanzautomat von Linde CA50 verein Vorteile von Vergangenheit und Zukunft: Die ist robust wie fr\u00fcher, zugleich auf dem neuestem technischem Stand von heute. Eine General\u00fcberholung ist kosteng\u00fcnstiger als die Anschaffung einer neuen Maschine und erfolgt in der H\u00e4lfte der Zeit. Au\u00dferdem ist in Zeiten der Nachhaltigkeit aktueller denn je.<\/p>\n<ul>\n<li>Komplette \u00dcberholung der Maschine<\/li>\n<li>Tausch aller Verschlei\u00dfteile<\/li>\n<li>\u201eTuning\u201c des Antriebs<\/li>\n<li>Einbau einer modernen Steuerung<\/li>\n<li>Sicherstellung der Erweiterbarkeit und Implementierf\u00e4higkeit in Ihre Produktionsstra\u00dfen<\/li>\n<li>Optische Restauration<\/li>\n<\/ul>\n","protected":false},"featured_media":13823,"template":"","meta":[],"product_brand":[],"product_cat":[52,51],"product_tag":[98,47,97,49],"class_list":{"0":"post-13822","1":"product","2":"type-product","3":"status-publish","4":"has-post-thumbnail","6":"product_cat-einstaender","7":"product_cat-gebraucht-maschienen","8":"product_tag-50-to","9":"product_tag-presse","10":"product_tag-schnelllaeufer","11":"product_tag-stanzautomat","13":"first","14":"instock","15":"shipping-taxable","16":"product-type-simple"},"_links":{"self":[{"href":"https:\/\/edelhoff-pressen.eu\/tool\/wp-json\/wp\/v2\/product\/13822","targetHints":{"allow":["GET"]}}],"collection":[{"href":"https:\/\/edelhoff-pressen.eu\/tool\/wp-json\/wp\/v2\/product"}],"about":[{"href":"https:\/\/edelhoff-pressen.eu\/tool\/wp-json\/wp\/v2\/types\/product"}],"wp:featuredmedia":[{"embeddable":true,"href":"https:\/\/edelhoff-pressen.eu\/tool\/wp-json\/wp\/v2\/media\/13823"}],"wp:attachment":[{"href":"https:\/\/edelhoff-pressen.eu\/tool\/wp-json\/wp\/v2\/media?parent=13822"}],"wp:term":[{"taxonomy":"product_brand","embeddable":true,"href":"https:\/\/edelhoff-pressen.eu\/tool\/wp-json\/wp\/v2\/product_brand?post=13822"},{"taxonomy":"product_cat","embeddable":true,"href":"https:\/\/edelhoff-pressen.eu\/tool\/wp-json\/wp\/v2\/product_cat?post=13822"},{"taxonomy":"product_tag","embeddable":true,"href":"https:\/\/edelhoff-pressen.eu\/tool\/wp-json\/wp\/v2\/product_tag?post=13822"}],"curies":[{"name":"wp","href":"https:\/\/api.w.org\/{rel}","templated":true}]}}