{"id":13179,"date":"2017-09-30T02:08:12","date_gmt":"2017-09-30T00:08:12","guid":{"rendered":"http:\/\/edelhoff-pressen.eu\/tool\/?page_id=13179"},"modified":"2019-03-04T21:29:35","modified_gmt":"2019-03-04T20:29:35","slug":"auslieferung","status":"publish","type":"page","link":"https:\/\/edelhoff-pressen.eu\/tool\/auslieferung\/","title":{"rendered":"Auslieferung"},"content":{"rendered":"<div class=\"fusion-fullwidth fullwidth-box fusion-builder-row-1 nonhundred-percent-fullwidth non-hundred-percent-height-scrolling\" style=\"--awb-border-radius-top-left:0px;--awb-border-radius-top-right:0px;--awb-border-radius-bottom-right:0px;--awb-border-radius-bottom-left:0px;--awb-flex-wrap:wrap;\" ><div class=\"fusion-builder-row fusion-row\"><div class=\"fusion-layout-column fusion_builder_column fusion-builder-column-0 fusion_builder_column_1_1 1_1 fusion-one-full fusion-column-first fusion-column-last\" style=\"--awb-bg-size:cover;--awb-margin-bottom:0px;\"><div class=\"fusion-column-wrapper fusion-flex-column-wrapper-legacy\"><div class=\"fusion-text fusion-text-1\"><p>Ob kleine oder gro\u00dfe Maschinen aus unserem Hause &#8211; wir liefern in Kooperation mit unserer Partner-Spedition an jeden Standort. Dabei legen wir gro\u00dfen Wert auf Sicherheit, Professionalit\u00e4t und P\u00fcnktlichkeit.<\/p>\n<p>Unser Motto: <strong>Nichts ist unm\u00f6glich!<\/strong><\/p>\n<\/div><div class=\"awb-gallery-wrapper awb-gallery-wrapper-1 button-span-no\"><div style=\"margin:-5px;--awb-bordersize:0px;\" class=\"fusion-gallery fusion-gallery-container fusion-grid-4 fusion-columns-total-9 fusion-gallery-layout-grid fusion-gallery-1\"><div style=\"padding:5px;\" class=\"fusion-grid-column fusion-gallery-column fusion-gallery-column-4 hover-type-zoomin\"><div class=\"fusion-gallery-image\"><a href=\"https:\/\/edelhoff-pressen.eu\/tool\/wp-content\/uploads\/2017\/09\/auslieferung_001.jpg\" target=\"_self\"><img decoding=\"async\" src=\"https:\/\/edelhoff-pressen.eu\/tool\/wp-content\/uploads\/2017\/09\/auslieferung_001.jpg\" width=\"900\" height=\"600\" alt=\"\" title=\"auslieferung_001\" aria-label=\"auslieferung_001\" class=\"img-responsive wp-image-13393\" srcset=\"https:\/\/edelhoff-pressen.eu\/tool\/wp-content\/uploads\/2017\/09\/auslieferung_001-200x133.jpg 200w, https:\/\/edelhoff-pressen.eu\/tool\/wp-content\/uploads\/2017\/09\/auslieferung_001-400x267.jpg 400w, https:\/\/edelhoff-pressen.eu\/tool\/wp-content\/uploads\/2017\/09\/auslieferung_001-600x400.jpg 600w, https:\/\/edelhoff-pressen.eu\/tool\/wp-content\/uploads\/2017\/09\/auslieferung_001-800x533.jpg 800w, https:\/\/edelhoff-pressen.eu\/tool\/wp-content\/uploads\/2017\/09\/auslieferung_001.jpg 900w\" sizes=\"(min-width: 2200px) 100vw, (min-width: 915px) 289px, (min-width: 824px) 385px, (min-width: 732px) 578px, (min-width: 640px) 732px, \" \/><\/a><\/div><\/div><div style=\"padding:5px;\" class=\"fusion-grid-column fusion-gallery-column fusion-gallery-column-4 hover-type-zoomin\"><div class=\"fusion-gallery-image\"><a href=\"https:\/\/edelhoff-pressen.eu\/tool\/wp-content\/uploads\/2017\/09\/auslieferung_004.jpg\" target=\"_self\"><img decoding=\"async\" src=\"https:\/\/edelhoff-pressen.eu\/tool\/wp-content\/uploads\/2017\/09\/auslieferung_004.jpg\" width=\"900\" height=\"600\" alt=\"\" title=\"auslieferung_004\" aria-label=\"auslieferung_004\" class=\"img-responsive wp-image-13394\" srcset=\"https:\/\/edelhoff-pressen.eu\/tool\/wp-content\/uploads\/2017\/09\/auslieferung_004-200x133.jpg 200w, https:\/\/edelhoff-pressen.eu\/tool\/wp-content\/uploads\/2017\/09\/auslieferung_004-400x267.jpg 400w, https:\/\/edelhoff-pressen.eu\/tool\/wp-content\/uploads\/2017\/09\/auslieferung_004-600x400.jpg 600w, https:\/\/edelhoff-pressen.eu\/tool\/wp-content\/uploads\/2017\/09\/auslieferung_004-800x533.jpg 800w, https:\/\/edelhoff-pressen.eu\/tool\/wp-content\/uploads\/2017\/09\/auslieferung_004.jpg 900w\" sizes=\"(min-width: 2200px) 100vw, (min-width: 915px) 289px, (min-width: 824px) 385px, (min-width: 732px) 578px, (min-width: 640px) 732px, \" \/><\/a><\/div><\/div><div style=\"padding:5px;\" class=\"fusion-grid-column fusion-gallery-column fusion-gallery-column-4 hover-type-zoomin\"><div class=\"fusion-gallery-image\"><a href=\"https:\/\/edelhoff-pressen.eu\/tool\/wp-content\/uploads\/2017\/09\/auslieferung_005.jpg\" target=\"_self\"><img decoding=\"async\" src=\"https:\/\/edelhoff-pressen.eu\/tool\/wp-content\/uploads\/2017\/09\/auslieferung_005.jpg\" width=\"900\" height=\"600\" alt=\"\" title=\"auslieferung_005\" aria-label=\"auslieferung_005\" class=\"img-responsive wp-image-13395\" srcset=\"https:\/\/edelhoff-pressen.eu\/tool\/wp-content\/uploads\/2017\/09\/auslieferung_005-200x133.jpg 200w, https:\/\/edelhoff-pressen.eu\/tool\/wp-content\/uploads\/2017\/09\/auslieferung_005-400x267.jpg 400w, https:\/\/edelhoff-pressen.eu\/tool\/wp-content\/uploads\/2017\/09\/auslieferung_005-600x400.jpg 600w, https:\/\/edelhoff-pressen.eu\/tool\/wp-content\/uploads\/2017\/09\/auslieferung_005-800x533.jpg 800w, https:\/\/edelhoff-pressen.eu\/tool\/wp-content\/uploads\/2017\/09\/auslieferung_005.jpg 900w\" sizes=\"(min-width: 2200px) 100vw, (min-width: 915px) 289px, (min-width: 824px) 385px, (min-width: 732px) 578px, (min-width: 640px) 732px, \" \/><\/a><\/div><\/div><div style=\"padding:5px;\" class=\"fusion-grid-column fusion-gallery-column fusion-gallery-column-4 hover-type-zoomin\"><div class=\"fusion-gallery-image\"><a href=\"https:\/\/edelhoff-pressen.eu\/tool\/wp-content\/uploads\/2017\/09\/auslieferung_006.jpg\" target=\"_self\"><img decoding=\"async\" src=\"https:\/\/edelhoff-pressen.eu\/tool\/wp-content\/uploads\/2017\/09\/auslieferung_006.jpg\" width=\"900\" height=\"600\" alt=\"\" title=\"auslieferung_006\" aria-label=\"auslieferung_006\" class=\"img-responsive wp-image-13396\" srcset=\"https:\/\/edelhoff-pressen.eu\/tool\/wp-content\/uploads\/2017\/09\/auslieferung_006-200x133.jpg 200w, https:\/\/edelhoff-pressen.eu\/tool\/wp-content\/uploads\/2017\/09\/auslieferung_006-400x267.jpg 400w, https:\/\/edelhoff-pressen.eu\/tool\/wp-content\/uploads\/2017\/09\/auslieferung_006-600x400.jpg 600w, https:\/\/edelhoff-pressen.eu\/tool\/wp-content\/uploads\/2017\/09\/auslieferung_006-800x533.jpg 800w, https:\/\/edelhoff-pressen.eu\/tool\/wp-content\/uploads\/2017\/09\/auslieferung_006.jpg 900w\" sizes=\"(min-width: 2200px) 100vw, (min-width: 915px) 289px, (min-width: 824px) 385px, (min-width: 732px) 578px, (min-width: 640px) 732px, \" \/><\/a><\/div><\/div><div class=\"clearfix\"><\/div><div style=\"padding:5px;\" class=\"fusion-grid-column fusion-gallery-column fusion-gallery-column-4 hover-type-zoomin\"><div class=\"fusion-gallery-image\"><a href=\"https:\/\/edelhoff-pressen.eu\/tool\/wp-content\/uploads\/2017\/09\/auslieferung_007.jpg\" target=\"_self\"><img decoding=\"async\" src=\"https:\/\/edelhoff-pressen.eu\/tool\/wp-content\/uploads\/2017\/09\/auslieferung_007.jpg\" width=\"900\" height=\"600\" alt=\"\" title=\"auslieferung_007\" aria-label=\"auslieferung_007\" class=\"img-responsive wp-image-13397\" srcset=\"https:\/\/edelhoff-pressen.eu\/tool\/wp-content\/uploads\/2017\/09\/auslieferung_007-200x133.jpg 200w, https:\/\/edelhoff-pressen.eu\/tool\/wp-content\/uploads\/2017\/09\/auslieferung_007-400x267.jpg 400w, https:\/\/edelhoff-pressen.eu\/tool\/wp-content\/uploads\/2017\/09\/auslieferung_007-600x400.jpg 600w, https:\/\/edelhoff-pressen.eu\/tool\/wp-content\/uploads\/2017\/09\/auslieferung_007-800x533.jpg 800w, https:\/\/edelhoff-pressen.eu\/tool\/wp-content\/uploads\/2017\/09\/auslieferung_007.jpg 900w\" sizes=\"(min-width: 2200px) 100vw, (min-width: 915px) 289px, (min-width: 824px) 385px, (min-width: 732px) 578px, (min-width: 640px) 732px, \" \/><\/a><\/div><\/div><div style=\"padding:5px;\" class=\"fusion-grid-column fusion-gallery-column fusion-gallery-column-4 hover-type-zoomin\"><div class=\"fusion-gallery-image\"><a href=\"https:\/\/edelhoff-pressen.eu\/tool\/wp-content\/uploads\/2017\/09\/auslieferung_008.jpg\" target=\"_self\"><img decoding=\"async\" src=\"https:\/\/edelhoff-pressen.eu\/tool\/wp-content\/uploads\/2017\/09\/auslieferung_008.jpg\" width=\"900\" height=\"600\" alt=\"\" title=\"auslieferung_008\" aria-label=\"auslieferung_008\" class=\"img-responsive wp-image-13398\" srcset=\"https:\/\/edelhoff-pressen.eu\/tool\/wp-content\/uploads\/2017\/09\/auslieferung_008-200x133.jpg 200w, https:\/\/edelhoff-pressen.eu\/tool\/wp-content\/uploads\/2017\/09\/auslieferung_008-400x267.jpg 400w, https:\/\/edelhoff-pressen.eu\/tool\/wp-content\/uploads\/2017\/09\/auslieferung_008-600x400.jpg 600w, https:\/\/edelhoff-pressen.eu\/tool\/wp-content\/uploads\/2017\/09\/auslieferung_008-800x533.jpg 800w, https:\/\/edelhoff-pressen.eu\/tool\/wp-content\/uploads\/2017\/09\/auslieferung_008.jpg 900w\" sizes=\"(min-width: 2200px) 100vw, (min-width: 915px) 289px, (min-width: 824px) 385px, (min-width: 732px) 578px, (min-width: 640px) 732px, \" \/><\/a><\/div><\/div><div style=\"padding:5px;\" class=\"fusion-grid-column fusion-gallery-column fusion-gallery-column-4 hover-type-zoomin\"><div class=\"fusion-gallery-image\"><a href=\"https:\/\/edelhoff-pressen.eu\/tool\/wp-content\/uploads\/2017\/09\/auslieferung_010.jpg\" target=\"_self\"><img decoding=\"async\" src=\"https:\/\/edelhoff-pressen.eu\/tool\/wp-content\/uploads\/2017\/09\/auslieferung_010.jpg\" width=\"900\" height=\"600\" alt=\"\" title=\"auslieferung_010\" aria-label=\"auslieferung_010\" class=\"img-responsive wp-image-13399\" srcset=\"https:\/\/edelhoff-pressen.eu\/tool\/wp-content\/uploads\/2017\/09\/auslieferung_010-200x133.jpg 200w, https:\/\/edelhoff-pressen.eu\/tool\/wp-content\/uploads\/2017\/09\/auslieferung_010-400x267.jpg 400w, https:\/\/edelhoff-pressen.eu\/tool\/wp-content\/uploads\/2017\/09\/auslieferung_010-600x400.jpg 600w, https:\/\/edelhoff-pressen.eu\/tool\/wp-content\/uploads\/2017\/09\/auslieferung_010-800x533.jpg 800w, https:\/\/edelhoff-pressen.eu\/tool\/wp-content\/uploads\/2017\/09\/auslieferung_010.jpg 900w\" sizes=\"(min-width: 2200px) 100vw, (min-width: 915px) 289px, (min-width: 824px) 385px, (min-width: 732px) 578px, (min-width: 640px) 732px, \" \/><\/a><\/div><\/div><div style=\"padding:5px;\" class=\"fusion-grid-column fusion-gallery-column fusion-gallery-column-4 hover-type-zoomin\"><div class=\"fusion-gallery-image\"><a href=\"https:\/\/edelhoff-pressen.eu\/tool\/wp-content\/uploads\/2017\/09\/auslieferung_011.jpg\" target=\"_self\"><img decoding=\"async\" src=\"https:\/\/edelhoff-pressen.eu\/tool\/wp-content\/uploads\/2017\/09\/auslieferung_011.jpg\" width=\"900\" height=\"600\" alt=\"\" title=\"auslieferung_011\" aria-label=\"auslieferung_011\" class=\"img-responsive wp-image-13400\" srcset=\"https:\/\/edelhoff-pressen.eu\/tool\/wp-content\/uploads\/2017\/09\/auslieferung_011-200x133.jpg 200w, https:\/\/edelhoff-pressen.eu\/tool\/wp-content\/uploads\/2017\/09\/auslieferung_011-400x267.jpg 400w, https:\/\/edelhoff-pressen.eu\/tool\/wp-content\/uploads\/2017\/09\/auslieferung_011-600x400.jpg 600w, https:\/\/edelhoff-pressen.eu\/tool\/wp-content\/uploads\/2017\/09\/auslieferung_011-800x533.jpg 800w, https:\/\/edelhoff-pressen.eu\/tool\/wp-content\/uploads\/2017\/09\/auslieferung_011.jpg 900w\" sizes=\"(min-width: 2200px) 100vw, (min-width: 915px) 289px, (min-width: 824px) 385px, (min-width: 732px) 578px, (min-width: 640px) 732px, \" \/><\/a><\/div><\/div><div class=\"clearfix\"><\/div><div style=\"padding:5px;\" class=\"fusion-grid-column fusion-gallery-column fusion-gallery-column-4 hover-type-zoomin\"><div class=\"fusion-gallery-image\"><a href=\"https:\/\/edelhoff-pressen.eu\/tool\/wp-content\/uploads\/2017\/09\/auslieferung_012.jpg\" target=\"_self\"><img decoding=\"async\" src=\"https:\/\/edelhoff-pressen.eu\/tool\/wp-content\/uploads\/2017\/09\/auslieferung_012.jpg\" width=\"900\" height=\"600\" alt=\"\" title=\"auslieferung_012\" aria-label=\"auslieferung_012\" class=\"img-responsive wp-image-13401\" srcset=\"https:\/\/edelhoff-pressen.eu\/tool\/wp-content\/uploads\/2017\/09\/auslieferung_012-200x133.jpg 200w, https:\/\/edelhoff-pressen.eu\/tool\/wp-content\/uploads\/2017\/09\/auslieferung_012-400x267.jpg 400w, https:\/\/edelhoff-pressen.eu\/tool\/wp-content\/uploads\/2017\/09\/auslieferung_012-600x400.jpg 600w, https:\/\/edelhoff-pressen.eu\/tool\/wp-content\/uploads\/2017\/09\/auslieferung_012-800x533.jpg 800w, https:\/\/edelhoff-pressen.eu\/tool\/wp-content\/uploads\/2017\/09\/auslieferung_012.jpg 900w\" sizes=\"(min-width: 2200px) 100vw, (min-width: 915px) 289px, (min-width: 824px) 385px, (min-width: 732px) 578px, (min-width: 640px) 732px, \" \/><\/a><\/div><\/div><\/div><\/div><div class=\"fusion-clearfix\"><\/div><\/div><\/div><\/div><\/div>\n","protected":false},"excerpt":{"rendered":"","protected":false},"author":1,"featured_media":0,"parent":0,"menu_order":0,"comment_status":"closed","ping_status":"open","template":"","meta":{"footnotes":""},"class_list":["post-13179","page","type-page","status-publish","hentry"],"_links":{"self":[{"href":"https:\/\/edelhoff-pressen.eu\/tool\/wp-json\/wp\/v2\/pages\/13179","targetHints":{"allow":["GET"]}}],"collection":[{"href":"https:\/\/edelhoff-pressen.eu\/tool\/wp-json\/wp\/v2\/pages"}],"about":[{"href":"https:\/\/edelhoff-pressen.eu\/tool\/wp-json\/wp\/v2\/types\/page"}],"author":[{"embeddable":true,"href":"https:\/\/edelhoff-pressen.eu\/tool\/wp-json\/wp\/v2\/users\/1"}],"replies":[{"embeddable":true,"href":"https:\/\/edelhoff-pressen.eu\/tool\/wp-json\/wp\/v2\/comments?post=13179"}],"version-history":[{"count":4,"href":"https:\/\/edelhoff-pressen.eu\/tool\/wp-json\/wp\/v2\/pages\/13179\/revisions"}],"predecessor-version":[{"id":13403,"href":"https:\/\/edelhoff-pressen.eu\/tool\/wp-json\/wp\/v2\/pages\/13179\/revisions\/13403"}],"wp:attachment":[{"href":"https:\/\/edelhoff-pressen.eu\/tool\/wp-json\/wp\/v2\/media?parent=13179"}],"curies":[{"name":"wp","href":"https:\/\/api.w.org\/{rel}","templated":true}]}}