{"id":13175,"date":"2017-09-30T02:04:54","date_gmt":"2017-09-30T00:04:54","guid":{"rendered":"http:\/\/edelhoff-pressen.eu\/tool\/?page_id=13175"},"modified":"2017-11-06T01:04:07","modified_gmt":"2017-11-06T00:04:07","slug":"ueberholungen","status":"publish","type":"page","link":"https:\/\/edelhoff-pressen.eu\/tool\/ueberholungen\/","title":{"rendered":"\u00dcberholungen"},"content":{"rendered":"<div class=\"fusion-fullwidth fullwidth-box fusion-builder-row-1 nonhundred-percent-fullwidth non-hundred-percent-height-scrolling\" style=\"--awb-border-radius-top-left:0px;--awb-border-radius-top-right:0px;--awb-border-radius-bottom-right:0px;--awb-border-radius-bottom-left:0px;--awb-flex-wrap:wrap;\" ><div class=\"fusion-builder-row fusion-row\"><div class=\"fusion-layout-column fusion_builder_column fusion-builder-column-0 fusion_builder_column_1_3 1_3 fusion-one-third fusion-column-first\" style=\"--awb-bg-size:cover;--awb-margin-bottom:0px;width:30.6666%; margin-right: 4%;\"><div class=\"fusion-column-wrapper fusion-flex-column-wrapper-legacy\"><div class=\"fusion-image-element in-legacy-container\" style=\"--awb-caption-title-font-family:var(--h2_typography-font-family);--awb-caption-title-font-weight:var(--h2_typography-font-weight);--awb-caption-title-font-style:var(--h2_typography-font-style);--awb-caption-title-size:var(--h2_typography-font-size);--awb-caption-title-transform:var(--h2_typography-text-transform);--awb-caption-title-line-height:var(--h2_typography-line-height);--awb-caption-title-letter-spacing:var(--h2_typography-letter-spacing);\"><span class=\" fusion-imageframe imageframe-none imageframe-1 hover-type-none\"><img decoding=\"async\" width=\"400\" height=\"500\" title=\"wartung\" src=\"http:\/\/edelhoff-pressen.eu\/tool\/wp-content\/uploads\/2017\/09\/wartung.jpg\" alt class=\"img-responsive wp-image-13085\" srcset=\"https:\/\/edelhoff-pressen.eu\/tool\/wp-content\/uploads\/2017\/09\/wartung-200x250.jpg 200w, https:\/\/edelhoff-pressen.eu\/tool\/wp-content\/uploads\/2017\/09\/wartung.jpg 400w\" sizes=\"(max-width: 800px) 100vw, 400px\" \/><\/span><\/div><div class=\"fusion-clearfix\"><\/div><\/div><\/div><div class=\"fusion-layout-column fusion_builder_column fusion-builder-column-1 fusion_builder_column_2_3 2_3 fusion-two-third fusion-column-last\" style=\"--awb-bg-size:cover;--awb-margin-bottom:0px;width:65.3333%;\"><div class=\"fusion-column-wrapper fusion-flex-column-wrapper-legacy\"><div class=\"fusion-text fusion-text-1\"><p>Aufgrund unseres eigenen Maschinenparks sind wir hervorragend f\u00fcr die \u00dcberarbeitung oder General\u00fcberholung von Pressen oder kompletten Stanzanlagen ausgestattet.<\/p>\n<p>Dies gilt f\u00fcr Fremdfabrikate genauso wie f\u00fcr unsere eigenen Maschinen. Oftmals fehlt den alten &#8222;Sch\u00e4tzchen&#8220; nur eine neue Lagerung und ein wenig Pflege. Kombiniert man dies noch mit einer neuen Steuerung, so erhalten Sie f\u00fcr wenig Geld eine &#8222;neue&#8220;, leistungsf\u00e4hige Produktionsmaschine.<\/p>\n<\/div><div class=\"fusion-clearfix\"><\/div><\/div><\/div><\/div><\/div>\n","protected":false},"excerpt":{"rendered":"","protected":false},"author":1,"featured_media":0,"parent":0,"menu_order":0,"comment_status":"closed","ping_status":"open","template":"","meta":{"footnotes":""},"class_list":["post-13175","page","type-page","status-publish","hentry"],"_links":{"self":[{"href":"https:\/\/edelhoff-pressen.eu\/tool\/wp-json\/wp\/v2\/pages\/13175","targetHints":{"allow":["GET"]}}],"collection":[{"href":"https:\/\/edelhoff-pressen.eu\/tool\/wp-json\/wp\/v2\/pages"}],"about":[{"href":"https:\/\/edelhoff-pressen.eu\/tool\/wp-json\/wp\/v2\/types\/page"}],"author":[{"embeddable":true,"href":"https:\/\/edelhoff-pressen.eu\/tool\/wp-json\/wp\/v2\/users\/1"}],"replies":[{"embeddable":true,"href":"https:\/\/edelhoff-pressen.eu\/tool\/wp-json\/wp\/v2\/comments?post=13175"}],"version-history":[{"count":1,"href":"https:\/\/edelhoff-pressen.eu\/tool\/wp-json\/wp\/v2\/pages\/13175\/revisions"}],"predecessor-version":[{"id":13176,"href":"https:\/\/edelhoff-pressen.eu\/tool\/wp-json\/wp\/v2\/pages\/13175\/revisions\/13176"}],"wp:attachment":[{"href":"https:\/\/edelhoff-pressen.eu\/tool\/wp-json\/wp\/v2\/media?parent=13175"}],"curies":[{"name":"wp","href":"https:\/\/api.w.org\/{rel}","templated":true}]}}