{"id":13166,"date":"2017-09-30T01:50:36","date_gmt":"2017-09-29T23:50:36","guid":{"rendered":"http:\/\/edelhoff-pressen.eu\/tool\/?page_id=13166"},"modified":"2019-04-01T10:21:25","modified_gmt":"2019-04-01T08:21:25","slug":"ausstellung","status":"publish","type":"page","link":"https:\/\/edelhoff-pressen.eu\/tool\/ausstellung\/","title":{"rendered":"Ausstellung"},"content":{"rendered":"<div class=\"fusion-fullwidth fullwidth-box fusion-builder-row-1 nonhundred-percent-fullwidth non-hundred-percent-height-scrolling\" style=\"--awb-border-radius-top-left:0px;--awb-border-radius-top-right:0px;--awb-border-radius-bottom-right:0px;--awb-border-radius-bottom-left:0px;--awb-flex-wrap:wrap;\" ><div class=\"fusion-builder-row fusion-row\"><div class=\"fusion-layout-column fusion_builder_column fusion-builder-column-0 fusion_builder_column_1_1 1_1 fusion-one-full fusion-column-first fusion-column-last\" style=\"--awb-bg-size:cover;\"><div class=\"fusion-column-wrapper fusion-flex-column-wrapper-legacy\"><div class=\"fusion-title title fusion-title-1 fusion-title-text fusion-title-size-one\" style=\"--awb-sep-color:#2f9fda;\"><h1 class=\"fusion-title-heading title-heading-left\" style=\"margin:0;\">Unsere Ausstellungen<\/h1><span class=\"awb-title-spacer\"><\/span><div class=\"title-sep-container\"><div class=\"title-sep sep-double sep-solid\" style=\"border-color:#2f9fda;\"><\/div><\/div><\/div><div class=\"fusion-clearfix\"><\/div><\/div><\/div><div class=\"fusion-layout-column fusion_builder_column fusion-builder-column-1 fusion_builder_column_1_1 1_1 fusion-one-full fusion-column-first fusion-column-last\" style=\"--awb-bg-size:cover;--awb-margin-bottom:0px;\"><div class=\"fusion-column-wrapper fusion-flex-column-wrapper-legacy\"><div class=\"fusion-text fusion-text-1\"><p>Auf unserem Firmengel\u00e4nde in Wuppertal k\u00f6nnen Sie in unserer st\u00e4ndigen Ausstellungshalle diverse gebrauchte Pressen besichtigen. Diese werden nach Wunsch auch gerne f\u00fcr eine Demonstration vorbereitet. Wir freuen uns auf Ihren Besuch!<\/p>\n<\/div><div class=\"awb-gallery-wrapper awb-gallery-wrapper-1 button-span-no\"><div style=\"margin:-5px;--awb-bordersize:0px;\" class=\"fusion-gallery fusion-gallery-container fusion-grid-4 fusion-columns-total-14 fusion-gallery-layout-grid fusion-gallery-1\"><div style=\"padding:5px;\" class=\"fusion-grid-column fusion-gallery-column fusion-gallery-column-4 hover-type-zoomin\"><div class=\"fusion-gallery-image\"><a href=\"https:\/\/edelhoff-pressen.eu\/tool\/wp-content\/uploads\/2017\/10\/ausstellung_001.jpg\" data-title=\"ausstellung_001\" title=\"ausstellung_001\" data-caption=\"Edelhoff Pressen Ausstellung\" rel=\"noreferrer\" data-rel=\"iLightbox[gallery_image_1]\" class=\"fusion-lightbox\" target=\"_self\"><img decoding=\"async\" src=\"https:\/\/edelhoff-pressen.eu\/tool\/wp-content\/uploads\/2017\/10\/ausstellung_001.jpg\" width=\"900\" height=\"600\" alt=\"\" title=\"ausstellung_001\" aria-label=\"ausstellung_001\" class=\"img-responsive wp-image-13337\" srcset=\"https:\/\/edelhoff-pressen.eu\/tool\/wp-content\/uploads\/2017\/10\/ausstellung_001-200x133.jpg 200w, https:\/\/edelhoff-pressen.eu\/tool\/wp-content\/uploads\/2017\/10\/ausstellung_001-400x267.jpg 400w, https:\/\/edelhoff-pressen.eu\/tool\/wp-content\/uploads\/2017\/10\/ausstellung_001-600x400.jpg 600w, https:\/\/edelhoff-pressen.eu\/tool\/wp-content\/uploads\/2017\/10\/ausstellung_001-800x533.jpg 800w, https:\/\/edelhoff-pressen.eu\/tool\/wp-content\/uploads\/2017\/10\/ausstellung_001.jpg 900w\" sizes=\"(min-width: 2200px) 100vw, (min-width: 915px) 289px, (min-width: 824px) 385px, (min-width: 732px) 578px, (min-width: 640px) 732px, \" \/><\/a><\/div><\/div><div style=\"padding:5px;\" class=\"fusion-grid-column fusion-gallery-column fusion-gallery-column-4 hover-type-zoomin\"><div class=\"fusion-gallery-image\"><a href=\"https:\/\/edelhoff-pressen.eu\/tool\/wp-content\/uploads\/2017\/10\/ausstellung_002.jpg\" data-title=\"ausstellung_002\" title=\"ausstellung_002\" rel=\"noreferrer\" data-rel=\"iLightbox[gallery_image_1]\" class=\"fusion-lightbox\" target=\"_self\"><img decoding=\"async\" src=\"https:\/\/edelhoff-pressen.eu\/tool\/wp-content\/uploads\/2017\/10\/ausstellung_002.jpg\" width=\"900\" height=\"600\" alt=\"\" title=\"ausstellung_002\" aria-label=\"ausstellung_002\" class=\"img-responsive wp-image-13338\" srcset=\"https:\/\/edelhoff-pressen.eu\/tool\/wp-content\/uploads\/2017\/10\/ausstellung_002-200x133.jpg 200w, https:\/\/edelhoff-pressen.eu\/tool\/wp-content\/uploads\/2017\/10\/ausstellung_002-400x267.jpg 400w, https:\/\/edelhoff-pressen.eu\/tool\/wp-content\/uploads\/2017\/10\/ausstellung_002-600x400.jpg 600w, https:\/\/edelhoff-pressen.eu\/tool\/wp-content\/uploads\/2017\/10\/ausstellung_002-800x533.jpg 800w, https:\/\/edelhoff-pressen.eu\/tool\/wp-content\/uploads\/2017\/10\/ausstellung_002.jpg 900w\" sizes=\"(min-width: 2200px) 100vw, (min-width: 915px) 289px, (min-width: 824px) 385px, (min-width: 732px) 578px, (min-width: 640px) 732px, \" \/><\/a><\/div><\/div><div style=\"padding:5px;\" class=\"fusion-grid-column fusion-gallery-column fusion-gallery-column-4 hover-type-zoomin\"><div class=\"fusion-gallery-image\"><a href=\"https:\/\/edelhoff-pressen.eu\/tool\/wp-content\/uploads\/2017\/10\/ausstellung_002a.jpg\" data-title=\"ausstellung_002a\" title=\"ausstellung_002a\" rel=\"noreferrer\" data-rel=\"iLightbox[gallery_image_1]\" class=\"fusion-lightbox\" target=\"_self\"><img decoding=\"async\" src=\"https:\/\/edelhoff-pressen.eu\/tool\/wp-content\/uploads\/2017\/10\/ausstellung_002a.jpg\" width=\"900\" height=\"600\" alt=\"\" title=\"ausstellung_002a\" aria-label=\"ausstellung_002a\" class=\"img-responsive wp-image-13339\" srcset=\"https:\/\/edelhoff-pressen.eu\/tool\/wp-content\/uploads\/2017\/10\/ausstellung_002a-200x133.jpg 200w, https:\/\/edelhoff-pressen.eu\/tool\/wp-content\/uploads\/2017\/10\/ausstellung_002a-400x267.jpg 400w, https:\/\/edelhoff-pressen.eu\/tool\/wp-content\/uploads\/2017\/10\/ausstellung_002a-600x400.jpg 600w, https:\/\/edelhoff-pressen.eu\/tool\/wp-content\/uploads\/2017\/10\/ausstellung_002a-800x533.jpg 800w, https:\/\/edelhoff-pressen.eu\/tool\/wp-content\/uploads\/2017\/10\/ausstellung_002a.jpg 900w\" sizes=\"(min-width: 2200px) 100vw, (min-width: 915px) 289px, (min-width: 824px) 385px, (min-width: 732px) 578px, (min-width: 640px) 732px, \" \/><\/a><\/div><\/div><div style=\"padding:5px;\" class=\"fusion-grid-column fusion-gallery-column fusion-gallery-column-4 hover-type-zoomin\"><div class=\"fusion-gallery-image\"><a href=\"https:\/\/edelhoff-pressen.eu\/tool\/wp-content\/uploads\/2017\/10\/ausstellung_003.jpg\" data-title=\"ausstellung_003\" title=\"ausstellung_003\" rel=\"noreferrer\" data-rel=\"iLightbox[gallery_image_1]\" class=\"fusion-lightbox\" target=\"_self\"><img decoding=\"async\" src=\"https:\/\/edelhoff-pressen.eu\/tool\/wp-content\/uploads\/2017\/10\/ausstellung_003.jpg\" width=\"900\" height=\"600\" alt=\"\" title=\"ausstellung_003\" aria-label=\"ausstellung_003\" class=\"img-responsive wp-image-13340\" srcset=\"https:\/\/edelhoff-pressen.eu\/tool\/wp-content\/uploads\/2017\/10\/ausstellung_003-200x133.jpg 200w, https:\/\/edelhoff-pressen.eu\/tool\/wp-content\/uploads\/2017\/10\/ausstellung_003-400x267.jpg 400w, https:\/\/edelhoff-pressen.eu\/tool\/wp-content\/uploads\/2017\/10\/ausstellung_003-600x400.jpg 600w, https:\/\/edelhoff-pressen.eu\/tool\/wp-content\/uploads\/2017\/10\/ausstellung_003-800x533.jpg 800w, https:\/\/edelhoff-pressen.eu\/tool\/wp-content\/uploads\/2017\/10\/ausstellung_003.jpg 900w\" sizes=\"(min-width: 2200px) 100vw, (min-width: 915px) 289px, (min-width: 824px) 385px, (min-width: 732px) 578px, (min-width: 640px) 732px, \" \/><\/a><\/div><\/div><div class=\"clearfix\"><\/div><div style=\"padding:5px;\" class=\"fusion-grid-column fusion-gallery-column fusion-gallery-column-4 hover-type-zoomin\"><div class=\"fusion-gallery-image\"><a href=\"https:\/\/edelhoff-pressen.eu\/tool\/wp-content\/uploads\/2017\/10\/ausstellung_004.jpg\" data-title=\"ausstellung_004\" title=\"ausstellung_004\" rel=\"noreferrer\" data-rel=\"iLightbox[gallery_image_1]\" class=\"fusion-lightbox\" target=\"_self\"><img decoding=\"async\" src=\"https:\/\/edelhoff-pressen.eu\/tool\/wp-content\/uploads\/2017\/10\/ausstellung_004.jpg\" width=\"900\" height=\"600\" alt=\"\" title=\"ausstellung_004\" aria-label=\"ausstellung_004\" class=\"img-responsive wp-image-13341\" srcset=\"https:\/\/edelhoff-pressen.eu\/tool\/wp-content\/uploads\/2017\/10\/ausstellung_004-200x133.jpg 200w, https:\/\/edelhoff-pressen.eu\/tool\/wp-content\/uploads\/2017\/10\/ausstellung_004-400x267.jpg 400w, https:\/\/edelhoff-pressen.eu\/tool\/wp-content\/uploads\/2017\/10\/ausstellung_004-600x400.jpg 600w, https:\/\/edelhoff-pressen.eu\/tool\/wp-content\/uploads\/2017\/10\/ausstellung_004-800x533.jpg 800w, https:\/\/edelhoff-pressen.eu\/tool\/wp-content\/uploads\/2017\/10\/ausstellung_004.jpg 900w\" sizes=\"(min-width: 2200px) 100vw, (min-width: 915px) 289px, (min-width: 824px) 385px, (min-width: 732px) 578px, (min-width: 640px) 732px, \" \/><\/a><\/div><\/div><div style=\"padding:5px;\" class=\"fusion-grid-column fusion-gallery-column fusion-gallery-column-4 hover-type-zoomin\"><div class=\"fusion-gallery-image\"><a href=\"https:\/\/edelhoff-pressen.eu\/tool\/wp-content\/uploads\/2017\/10\/ausstellung_004a.jpg\" data-title=\"ausstellung_004a\" title=\"ausstellung_004a\" rel=\"noreferrer\" data-rel=\"iLightbox[gallery_image_1]\" class=\"fusion-lightbox\" target=\"_self\"><img decoding=\"async\" src=\"https:\/\/edelhoff-pressen.eu\/tool\/wp-content\/uploads\/2017\/10\/ausstellung_004a.jpg\" width=\"900\" height=\"600\" alt=\"\" title=\"ausstellung_004a\" aria-label=\"ausstellung_004a\" class=\"img-responsive wp-image-13342\" srcset=\"https:\/\/edelhoff-pressen.eu\/tool\/wp-content\/uploads\/2017\/10\/ausstellung_004a-200x133.jpg 200w, https:\/\/edelhoff-pressen.eu\/tool\/wp-content\/uploads\/2017\/10\/ausstellung_004a-400x267.jpg 400w, https:\/\/edelhoff-pressen.eu\/tool\/wp-content\/uploads\/2017\/10\/ausstellung_004a-600x400.jpg 600w, https:\/\/edelhoff-pressen.eu\/tool\/wp-content\/uploads\/2017\/10\/ausstellung_004a-800x533.jpg 800w, https:\/\/edelhoff-pressen.eu\/tool\/wp-content\/uploads\/2017\/10\/ausstellung_004a.jpg 900w\" sizes=\"(min-width: 2200px) 100vw, (min-width: 915px) 289px, (min-width: 824px) 385px, (min-width: 732px) 578px, (min-width: 640px) 732px, \" \/><\/a><\/div><\/div><div style=\"padding:5px;\" class=\"fusion-grid-column fusion-gallery-column fusion-gallery-column-4 hover-type-zoomin\"><div class=\"fusion-gallery-image\"><a href=\"https:\/\/edelhoff-pressen.eu\/tool\/wp-content\/uploads\/2017\/10\/ausstellung_005.jpg\" data-title=\"ausstellung_005\" title=\"ausstellung_005\" rel=\"noreferrer\" data-rel=\"iLightbox[gallery_image_1]\" class=\"fusion-lightbox\" target=\"_self\"><img decoding=\"async\" src=\"https:\/\/edelhoff-pressen.eu\/tool\/wp-content\/uploads\/2017\/10\/ausstellung_005.jpg\" width=\"900\" height=\"600\" alt=\"\" title=\"ausstellung_005\" aria-label=\"ausstellung_005\" class=\"img-responsive wp-image-13343\" srcset=\"https:\/\/edelhoff-pressen.eu\/tool\/wp-content\/uploads\/2017\/10\/ausstellung_005-200x133.jpg 200w, https:\/\/edelhoff-pressen.eu\/tool\/wp-content\/uploads\/2017\/10\/ausstellung_005-400x267.jpg 400w, https:\/\/edelhoff-pressen.eu\/tool\/wp-content\/uploads\/2017\/10\/ausstellung_005-600x400.jpg 600w, https:\/\/edelhoff-pressen.eu\/tool\/wp-content\/uploads\/2017\/10\/ausstellung_005-800x533.jpg 800w, https:\/\/edelhoff-pressen.eu\/tool\/wp-content\/uploads\/2017\/10\/ausstellung_005.jpg 900w\" sizes=\"(min-width: 2200px) 100vw, (min-width: 915px) 289px, (min-width: 824px) 385px, (min-width: 732px) 578px, (min-width: 640px) 732px, \" \/><\/a><\/div><\/div><div style=\"padding:5px;\" class=\"fusion-grid-column fusion-gallery-column fusion-gallery-column-4 hover-type-zoomin\"><div class=\"fusion-gallery-image\"><a href=\"https:\/\/edelhoff-pressen.eu\/tool\/wp-content\/uploads\/2017\/10\/ausstellung_017.jpg\" data-title=\"ausstellung_017\" title=\"ausstellung_017\" rel=\"noreferrer\" data-rel=\"iLightbox[gallery_image_1]\" class=\"fusion-lightbox\" target=\"_self\"><img decoding=\"async\" src=\"https:\/\/edelhoff-pressen.eu\/tool\/wp-content\/uploads\/2017\/10\/ausstellung_017.jpg\" width=\"900\" height=\"600\" alt=\"\" title=\"ausstellung_017\" aria-label=\"ausstellung_017\" class=\"img-responsive wp-image-13345\" srcset=\"https:\/\/edelhoff-pressen.eu\/tool\/wp-content\/uploads\/2017\/10\/ausstellung_017-200x133.jpg 200w, https:\/\/edelhoff-pressen.eu\/tool\/wp-content\/uploads\/2017\/10\/ausstellung_017-400x267.jpg 400w, https:\/\/edelhoff-pressen.eu\/tool\/wp-content\/uploads\/2017\/10\/ausstellung_017-600x400.jpg 600w, https:\/\/edelhoff-pressen.eu\/tool\/wp-content\/uploads\/2017\/10\/ausstellung_017-800x533.jpg 800w, https:\/\/edelhoff-pressen.eu\/tool\/wp-content\/uploads\/2017\/10\/ausstellung_017.jpg 900w\" sizes=\"(min-width: 2200px) 100vw, (min-width: 915px) 289px, (min-width: 824px) 385px, (min-width: 732px) 578px, (min-width: 640px) 732px, \" \/><\/a><\/div><\/div><div class=\"clearfix\"><\/div><div style=\"padding:5px;\" class=\"fusion-grid-column fusion-gallery-column fusion-gallery-column-4 hover-type-zoomin\"><div class=\"fusion-gallery-image\"><a href=\"https:\/\/edelhoff-pressen.eu\/tool\/wp-content\/uploads\/2017\/10\/ausstellung_006.jpg\" data-title=\"ausstellung_006\" title=\"ausstellung_006\" rel=\"noreferrer\" data-rel=\"iLightbox[gallery_image_1]\" class=\"fusion-lightbox\" target=\"_self\"><img decoding=\"async\" src=\"https:\/\/edelhoff-pressen.eu\/tool\/wp-content\/uploads\/2017\/10\/ausstellung_006.jpg\" width=\"900\" height=\"600\" alt=\"\" title=\"ausstellung_006\" aria-label=\"ausstellung_006\" class=\"img-responsive wp-image-13344\" srcset=\"https:\/\/edelhoff-pressen.eu\/tool\/wp-content\/uploads\/2017\/10\/ausstellung_006-200x133.jpg 200w, https:\/\/edelhoff-pressen.eu\/tool\/wp-content\/uploads\/2017\/10\/ausstellung_006-400x267.jpg 400w, https:\/\/edelhoff-pressen.eu\/tool\/wp-content\/uploads\/2017\/10\/ausstellung_006-600x400.jpg 600w, https:\/\/edelhoff-pressen.eu\/tool\/wp-content\/uploads\/2017\/10\/ausstellung_006-800x533.jpg 800w, https:\/\/edelhoff-pressen.eu\/tool\/wp-content\/uploads\/2017\/10\/ausstellung_006.jpg 900w\" sizes=\"(min-width: 2200px) 100vw, (min-width: 915px) 289px, (min-width: 824px) 385px, (min-width: 732px) 578px, (min-width: 640px) 732px, \" \/><\/a><\/div><\/div><div style=\"padding:5px;\" class=\"fusion-grid-column fusion-gallery-column fusion-gallery-column-4 hover-type-zoomin\"><div class=\"fusion-gallery-image\"><a href=\"https:\/\/edelhoff-pressen.eu\/tool\/wp-content\/uploads\/2017\/10\/maschienen_005.jpg\" data-title=\"maschienen_005\" title=\"maschienen_005\" rel=\"noreferrer\" data-rel=\"iLightbox[gallery_image_1]\" class=\"fusion-lightbox\" target=\"_self\"><img decoding=\"async\" src=\"https:\/\/edelhoff-pressen.eu\/tool\/wp-content\/uploads\/2017\/10\/maschienen_005.jpg\" width=\"600\" height=\"900\" alt=\"\" title=\"maschienen_005\" aria-label=\"maschienen_005\" class=\"img-responsive wp-image-13350\" srcset=\"https:\/\/edelhoff-pressen.eu\/tool\/wp-content\/uploads\/2017\/10\/maschienen_005-200x300.jpg 200w, https:\/\/edelhoff-pressen.eu\/tool\/wp-content\/uploads\/2017\/10\/maschienen_005-400x600.jpg 400w, https:\/\/edelhoff-pressen.eu\/tool\/wp-content\/uploads\/2017\/10\/maschienen_005.jpg 600w\" sizes=\"(min-width: 2200px) 100vw, (min-width: 915px) 289px, (min-width: 824px) 385px, (min-width: 732px) 578px, (min-width: 640px) 732px, \" \/><\/a><\/div><\/div><div style=\"padding:5px;\" class=\"fusion-grid-column fusion-gallery-column fusion-gallery-column-4 hover-type-zoomin\"><div class=\"fusion-gallery-image\"><a href=\"https:\/\/edelhoff-pressen.eu\/tool\/wp-content\/uploads\/2017\/10\/maschienen_004.jpg\" data-title=\"maschienen_004\" title=\"maschienen_004\" rel=\"noreferrer\" data-rel=\"iLightbox[gallery_image_1]\" class=\"fusion-lightbox\" target=\"_self\"><img decoding=\"async\" src=\"https:\/\/edelhoff-pressen.eu\/tool\/wp-content\/uploads\/2017\/10\/maschienen_004.jpg\" width=\"600\" height=\"900\" alt=\"\" title=\"maschienen_004\" aria-label=\"maschienen_004\" class=\"img-responsive wp-image-13349\" srcset=\"https:\/\/edelhoff-pressen.eu\/tool\/wp-content\/uploads\/2017\/10\/maschienen_004-200x300.jpg 200w, https:\/\/edelhoff-pressen.eu\/tool\/wp-content\/uploads\/2017\/10\/maschienen_004-400x600.jpg 400w, https:\/\/edelhoff-pressen.eu\/tool\/wp-content\/uploads\/2017\/10\/maschienen_004.jpg 600w\" sizes=\"(min-width: 2200px) 100vw, (min-width: 915px) 289px, (min-width: 824px) 385px, (min-width: 732px) 578px, (min-width: 640px) 732px, \" \/><\/a><\/div><\/div><div style=\"padding:5px;\" class=\"fusion-grid-column fusion-gallery-column fusion-gallery-column-4 hover-type-zoomin\"><div class=\"fusion-gallery-image\"><a href=\"https:\/\/edelhoff-pressen.eu\/tool\/wp-content\/uploads\/2017\/10\/maschienen_003.jpg\" data-title=\"maschienen_003\" title=\"maschienen_003\" rel=\"noreferrer\" data-rel=\"iLightbox[gallery_image_1]\" class=\"fusion-lightbox\" target=\"_self\"><img decoding=\"async\" src=\"https:\/\/edelhoff-pressen.eu\/tool\/wp-content\/uploads\/2017\/10\/maschienen_003.jpg\" width=\"600\" height=\"900\" alt=\"\" title=\"maschienen_003\" aria-label=\"maschienen_003\" class=\"img-responsive wp-image-13348\" srcset=\"https:\/\/edelhoff-pressen.eu\/tool\/wp-content\/uploads\/2017\/10\/maschienen_003-200x300.jpg 200w, https:\/\/edelhoff-pressen.eu\/tool\/wp-content\/uploads\/2017\/10\/maschienen_003-400x600.jpg 400w, https:\/\/edelhoff-pressen.eu\/tool\/wp-content\/uploads\/2017\/10\/maschienen_003.jpg 600w\" sizes=\"(min-width: 2200px) 100vw, (min-width: 915px) 289px, (min-width: 824px) 385px, (min-width: 732px) 578px, (min-width: 640px) 732px, \" \/><\/a><\/div><\/div><div class=\"clearfix\"><\/div><div style=\"padding:5px;\" class=\"fusion-grid-column fusion-gallery-column fusion-gallery-column-4 hover-type-zoomin\"><div class=\"fusion-gallery-image\"><a href=\"https:\/\/edelhoff-pressen.eu\/tool\/wp-content\/uploads\/2017\/10\/maschienen_002.jpg\" data-title=\"maschienen_002\" title=\"maschienen_002\" rel=\"noreferrer\" data-rel=\"iLightbox[gallery_image_1]\" class=\"fusion-lightbox\" target=\"_self\"><img decoding=\"async\" src=\"https:\/\/edelhoff-pressen.eu\/tool\/wp-content\/uploads\/2017\/10\/maschienen_002.jpg\" width=\"600\" height=\"900\" alt=\"\" title=\"maschienen_002\" aria-label=\"maschienen_002\" class=\"img-responsive wp-image-13347\" srcset=\"https:\/\/edelhoff-pressen.eu\/tool\/wp-content\/uploads\/2017\/10\/maschienen_002-200x300.jpg 200w, https:\/\/edelhoff-pressen.eu\/tool\/wp-content\/uploads\/2017\/10\/maschienen_002-400x600.jpg 400w, https:\/\/edelhoff-pressen.eu\/tool\/wp-content\/uploads\/2017\/10\/maschienen_002.jpg 600w\" sizes=\"(min-width: 2200px) 100vw, (min-width: 915px) 289px, (min-width: 824px) 385px, (min-width: 732px) 578px, (min-width: 640px) 732px, \" \/><\/a><\/div><\/div><div style=\"padding:5px;\" class=\"fusion-grid-column fusion-gallery-column fusion-gallery-column-4 hover-type-zoomin\"><div class=\"fusion-gallery-image\"><a href=\"https:\/\/edelhoff-pressen.eu\/tool\/wp-content\/uploads\/2017\/10\/maschienen_001.jpg\" data-title=\"maschienen_001\" title=\"maschienen_001\" rel=\"noreferrer\" data-rel=\"iLightbox[gallery_image_1]\" class=\"fusion-lightbox\" target=\"_self\"><img decoding=\"async\" src=\"https:\/\/edelhoff-pressen.eu\/tool\/wp-content\/uploads\/2017\/10\/maschienen_001.jpg\" width=\"600\" height=\"900\" alt=\"\" title=\"maschienen_001\" aria-label=\"maschienen_001\" class=\"img-responsive wp-image-13346\" srcset=\"https:\/\/edelhoff-pressen.eu\/tool\/wp-content\/uploads\/2017\/10\/maschienen_001-200x300.jpg 200w, https:\/\/edelhoff-pressen.eu\/tool\/wp-content\/uploads\/2017\/10\/maschienen_001-400x600.jpg 400w, https:\/\/edelhoff-pressen.eu\/tool\/wp-content\/uploads\/2017\/10\/maschienen_001.jpg 600w\" sizes=\"(min-width: 2200px) 100vw, (min-width: 915px) 289px, (min-width: 824px) 385px, (min-width: 732px) 578px, (min-width: 640px) 732px, \" \/><\/a><\/div><\/div><\/div><\/div><div class=\"fusion-clearfix\"><\/div><\/div><\/div><\/div><\/div>\n","protected":false},"excerpt":{"rendered":"","protected":false},"author":1,"featured_media":0,"parent":0,"menu_order":0,"comment_status":"closed","ping_status":"open","template":"","meta":{"footnotes":""},"class_list":["post-13166","page","type-page","status-publish","hentry"],"_links":{"self":[{"href":"https:\/\/edelhoff-pressen.eu\/tool\/wp-json\/wp\/v2\/pages\/13166","targetHints":{"allow":["GET"]}}],"collection":[{"href":"https:\/\/edelhoff-pressen.eu\/tool\/wp-json\/wp\/v2\/pages"}],"about":[{"href":"https:\/\/edelhoff-pressen.eu\/tool\/wp-json\/wp\/v2\/types\/page"}],"author":[{"embeddable":true,"href":"https:\/\/edelhoff-pressen.eu\/tool\/wp-json\/wp\/v2\/users\/1"}],"replies":[{"embeddable":true,"href":"https:\/\/edelhoff-pressen.eu\/tool\/wp-json\/wp\/v2\/comments?post=13166"}],"version-history":[{"count":5,"href":"https:\/\/edelhoff-pressen.eu\/tool\/wp-json\/wp\/v2\/pages\/13166\/revisions"}],"predecessor-version":[{"id":13643,"href":"https:\/\/edelhoff-pressen.eu\/tool\/wp-json\/wp\/v2\/pages\/13166\/revisions\/13643"}],"wp:attachment":[{"href":"https:\/\/edelhoff-pressen.eu\/tool\/wp-json\/wp\/v2\/media?parent=13166"}],"curies":[{"name":"wp","href":"https:\/\/api.w.org\/{rel}","templated":true}]}}